{"id":20,"date":"2021-05-19T15:18:12","date_gmt":"2021-05-19T13:18:12","guid":{"rendered":"http:\/\/sp2.bipmyszkow.pl\/?page_id=20"},"modified":"2021-05-19T15:22:13","modified_gmt":"2021-05-19T13:22:13","slug":"witamy","status":"publish","type":"page","link":"https:\/\/sp2.bipmyszkow.pl\/","title":{"rendered":"Witamy"},"content":{"rendered":"\n<p class=\"has-text-align-center\"><strong>Szko\u0142a Podstawowa&nbsp;nr 2<br>im. Jana Paw\u0142a II w Myszkowie<\/strong><\/p>\n\n\n\n<p class=\"has-text-align-center\">42-300 Myszk\u00f3w ul. Jaworznicka 34<\/p>\n\n\n\n<p class=\"has-text-align-center\"><strong>tel\/fax<\/strong>: (34) 313-06-01<br><strong>e-mail<\/strong>:&nbsp;<a href=\"mailto:gim2myszkow@poczta.fm\">gim2myszkow@poczta.fm<\/a><\/p>\n\n\n\n<p class=\"has-text-align-center\"><strong>Adres skrzynki ePUAP:<\/strong>&nbsp;\/SP2Myszkow\/domyslna<\/p>\n\n\n\n<hr class=\"wp-block-separator\"\/>\n\n\n\n<hr class=\"wp-block-separator is-style-wide\"\/>\n\n\n\n<h4 class=\"has-text-align-center wp-block-heading\">Sekretariat<\/h4>\n\n\n\n<p class=\"has-text-align-center\"><strong>Sekretariat szko\u0142y:<br><\/strong>mgr Agnieszka Garska-Kozio\u0142<\/p>\n\n\n\n<p class=\"has-text-align-center\"><strong>Godziny otwarcia:<\/strong><br>Poniedzia\u0142ek-Pi\u0105tek 7:45-15:45<\/p>\n\n\n\n<pre class=\"wp-block-preformatted\"><strong>Metryczka<\/strong>\n\u0179r\u00f3d\u0142o informacji:  \nData utworzenia: 2021-05-19 15:18:12\nWprowadzi\u0142 do systemu:  \nData wprowadzenia: 2021-05-19 15:18:12\nOstatnia zmiana: 2021-05-19 15:22:13\nIlo\u015b\u0107 wy\u015bwietle\u0144: 8&nbsp;014 views<\/pre>\n<div class=\"revision-history\"><strong>Rejestr Zmian:<\/strong><ul class='revision-list'><li>19 May 2021 at 13:22 by Magdalena Zaczkowska (<em>obecnie przegl?dasz<\/em>)<\/li><li><a href=\"?revision=24\">19 May 2021 at 13:22<\/a> by Magdalena Zaczkowska<\/li><li><a href=\"?revision=23\">19 May 2021 at 13:20<\/a> by Magdalena Zaczkowska<\/li><li><a href=\"?revision=21\">19 May 2021 at 13:18<\/a> by Magdalena Zaczkowska<\/li><\/ul><\/div>","protected":false},"excerpt":{"rendered":"<p>Szko\u0142a Podstawowa&nbsp;nr 2im. Jana Paw\u0142a II w Myszkowie 42-300 Myszk\u00f3w ul. Jaworznicka 34 tel\/fax: (34) 313-06-01e-mail:&nbsp;gim2myszkow@poczta.fm Adres skrzynki ePUAP:&nbsp;\/SP2Myszkow\/domyslna Sekretariat Sekretariat szko\u0142y:mgr Agnieszka Garska-Kozio\u0142 Godziny otwarcia:Poniedzia\u0142ek-Pi\u0105tek 7:45-15:45 Metryczka \u0179r\u00f3d\u0142o informacji: Data utworzenia: Wprowadzi\u0142 do systemu: Data wprowadzenia: Ostatnia zmiana: Ilo\u015b\u0107 wy\u015bwietle\u0144: Rejestr Zmian: 19 May 2021 at 13:22 by Magdalena Zaczkowska (obecnie przegl?dasz) 19 May &hellip; <a href=\"https:\/\/sp2.bipmyszkow.pl\/\" class=\"more-link\">Continue reading <span class=\"screen-reader-text\">Witamy<\/span><\/a><\/p>\n","protected":false},"author":1,"featured_media":0,"parent":0,"menu_order":0,"comment_status":"closed","ping_status":"closed","template":"","meta":{"footnotes":""},"class_list":["post-20","page","type-page","status-publish","hentry"],"_links":{"self":[{"href":"https:\/\/sp2.bipmyszkow.pl\/index.php\/wp-json\/wp\/v2\/pages\/20","targetHints":{"allow":["GET"]}}],"collection":[{"href":"https:\/\/sp2.bipmyszkow.pl\/index.php\/wp-json\/wp\/v2\/pages"}],"about":[{"href":"https:\/\/sp2.bipmyszkow.pl\/index.php\/wp-json\/wp\/v2\/types\/page"}],"author":[{"embeddable":true,"href":"https:\/\/sp2.bipmyszkow.pl\/index.php\/wp-json\/wp\/v2\/users\/1"}],"replies":[{"embeddable":true,"href":"https:\/\/sp2.bipmyszkow.pl\/index.php\/wp-json\/wp\/v2\/comments?post=20"}],"version-history":[{"count":3,"href":"https:\/\/sp2.bipmyszkow.pl\/index.php\/wp-json\/wp\/v2\/pages\/20\/revisions"}],"predecessor-version":[{"id":24,"href":"https:\/\/sp2.bipmyszkow.pl\/index.php\/wp-json\/wp\/v2\/pages\/20\/revisions\/24"}],"wp:attachment":[{"href":"https:\/\/sp2.bipmyszkow.pl\/index.php\/wp-json\/wp\/v2\/media?parent=20"}],"curies":[{"name":"wp","href":"https:\/\/api.w.org\/{rel}","templated":true}]}}