{"id":27,"date":"2021-05-19T15:27:21","date_gmt":"2021-05-19T13:27:21","guid":{"rendered":"http:\/\/sp2.bipmyszkow.pl\/?page_id=27"},"modified":"2021-05-19T15:27:21","modified_gmt":"2021-05-19T13:27:21","slug":"instrukcja-korzystania-z-bip","status":"publish","type":"page","link":"https:\/\/sp2.bipmyszkow.pl\/index.php\/instrukcja-korzystania-z-bip\/","title":{"rendered":"Instrukcja korzystania z BIP"},"content":{"rendered":"\n<pre class=\"wp-block-preformatted\"><strong>Metryczka<\/strong>\n\u0179r\u00f3d\u0142o informacji:  \nData utworzenia: 2021-05-19 15:27:21\nWprowadzi\u0142 do systemu:  \nData wprowadzenia: 2021-05-19 15:27:21\nOstatnia zmiana: 2021-05-19 15:27:21\nIlo\u015b\u0107 wy\u015bwietle\u0144: 468 views<\/pre>\n<div class=\"revision-history\"><strong>Rejestr Zmian:<\/strong><ul class='revision-list'><li>19 May 2021 at 13:27 by Magdalena Zaczkowska (<em>obecnie przegl?dasz<\/em>)<\/li><li><a href=\"?revision=28\">19 May 2021 at 13:27<\/a> by Magdalena Zaczkowska<\/li><\/ul><\/div>","protected":false},"excerpt":{"rendered":"<p>Metryczka \u0179r\u00f3d\u0142o informacji: Data utworzenia: Wprowadzi\u0142 do systemu: Data wprowadzenia: Ostatnia zmiana: Ilo\u015b\u0107 wy\u015bwietle\u0144: Rejestr Zmian: 19 May 2021 at 13:27 by Magdalena Zaczkowska (obecnie przegl?dasz) 19 May 2021 at 13:27 by Magdalena Zaczkowska<\/p>\n","protected":false},"author":1,"featured_media":0,"parent":0,"menu_order":0,"comment_status":"closed","ping_status":"closed","template":"","meta":{"footnotes":""},"class_list":["post-27","page","type-page","status-publish","hentry"],"_links":{"self":[{"href":"https:\/\/sp2.bipmyszkow.pl\/index.php\/wp-json\/wp\/v2\/pages\/27","targetHints":{"allow":["GET"]}}],"collection":[{"href":"https:\/\/sp2.bipmyszkow.pl\/index.php\/wp-json\/wp\/v2\/pages"}],"about":[{"href":"https:\/\/sp2.bipmyszkow.pl\/index.php\/wp-json\/wp\/v2\/types\/page"}],"author":[{"embeddable":true,"href":"https:\/\/sp2.bipmyszkow.pl\/index.php\/wp-json\/wp\/v2\/users\/1"}],"replies":[{"embeddable":true,"href":"https:\/\/sp2.bipmyszkow.pl\/index.php\/wp-json\/wp\/v2\/comments?post=27"}],"version-history":[{"count":1,"href":"https:\/\/sp2.bipmyszkow.pl\/index.php\/wp-json\/wp\/v2\/pages\/27\/revisions"}],"predecessor-version":[{"id":28,"href":"https:\/\/sp2.bipmyszkow.pl\/index.php\/wp-json\/wp\/v2\/pages\/27\/revisions\/28"}],"wp:attachment":[{"href":"https:\/\/sp2.bipmyszkow.pl\/index.php\/wp-json\/wp\/v2\/media?parent=27"}],"curies":[{"name":"wp","href":"https:\/\/api.w.org\/{rel}","templated":true}]}}