{"id":35,"date":"2021-06-11T09:51:45","date_gmt":"2021-06-11T07:51:45","guid":{"rendered":"http:\/\/sp2.bipmyszkow.pl\/?page_id=35"},"modified":"2025-03-12T08:00:39","modified_gmt":"2025-03-12T07:00:39","slug":"przedmiot-dzialalnosci-i-kompetencje","status":"publish","type":"page","link":"https:\/\/sp2.bipmyszkow.pl\/index.php\/przedmiot-dzialalnosci-i-kompetencje\/","title":{"rendered":"Przedmiot dzia\u0142alno\u015bci i kompetencje"},"content":{"rendered":"\n<p>Przedmiotem dzia\u0142alno\u015bci\u00a0Szko\u0142y Podstawowej nr 2 im. Jana Paw\u0142a II\u00a0 w Myszkowie jest\u00a0dzia\u0142alno\u015b\u0107 dydaktyczna, opieku\u0144cza i opieku\u0144cza na poziomie szko\u0142y podstawowej.<br>Dyrektor szko\u0142y kontroluje spe\u0142nianie obowi\u0105zku szkolnego przez dzieci zamieszka\u0142e w obwodzie szko\u0142y i prowadzi ewidencj\u0119 spe\u0142niania obowi\u0105zku szkolnego.<br>Szko\u0142a realizuje cele i zadania okre\u015blone w ustawie o systemie o\u015bwiaty umo\u017cliwiaj\u0105c uczniom zdobycie wiedzy i umiej\u0119tno\u015bci niezb\u0119dnych do uzyskania \u015bwiadectwa uko\u0144czenia szko\u0142y pozwalaj\u0105cych kontynuowa\u0107 nauk\u0119 na kolejnym etapie kszta\u0142cenia.<br>Szczeg\u00f3\u0142owe cele, zadania oraz kompetencje poszczeg\u00f3lnych organ\u00f3w szko\u0142y okre\u015bla Statut szko\u0142y.<\/p>\n\n\n\n<p>Podstawa programowa okre\u015blona jest w rozporz\u0105dzeniu Ministra Edukacji Narodowej z dnia 27 sierpnia 2012 r. w sprawie podstawy programowej wychowania przedszkolnego oraz kszta\u0142cenia og\u00f3lnego poszczeg\u00f3lnych typach szk\u00f3\u0142 (Dz. U. 2012 poz. 977 z po\u017an zm.).<\/p>\n\n\n\n<pre class=\"wp-block-preformatted\"><strong>Metryczka<\/strong>\n\u0179r\u00f3d\u0142o informacji:  \nData utworzenia: 2021-06-11 09:51:45\nWprowadzi\u0142 do systemu:  \nData wprowadzenia: 2021-06-11 09:51:45\nOstatnia zmiana: 2025-03-12 08:00:39\nIlo\u015b\u0107 wy\u015bwietle\u0144: 617 views<\/pre>\n<div class=\"revision-history\"><strong>Rejestr Zmian:<\/strong><ul class='revision-list'><li>12 March 2025 at 07:00 by Magdalena Zaczkowska (<em>obecnie przegl?dasz<\/em>)<\/li><li><a href=\"?revision=340\">12 March 2025 at 07:00<\/a> by Magdalena Zaczkowska<\/li><li><a href=\"?revision=339\">12 March 2025 at 06:59<\/a> by Magdalena Zaczkowska<\/li><li><a href=\"?revision=36\">11 June 2021 at 07:51<\/a> by Magdalena Zaczkowska<\/li><\/ul><\/div>","protected":false},"excerpt":{"rendered":"<p>Przedmiotem dzia\u0142alno\u015bci\u00a0Szko\u0142y Podstawowej nr 2 im. Jana Paw\u0142a II\u00a0 w Myszkowie jest\u00a0dzia\u0142alno\u015b\u0107 dydaktyczna, opieku\u0144cza i opieku\u0144cza na poziomie szko\u0142y podstawowej.Dyrektor szko\u0142y kontroluje spe\u0142nianie obowi\u0105zku szkolnego przez dzieci zamieszka\u0142e w obwodzie szko\u0142y i prowadzi ewidencj\u0119 spe\u0142niania obowi\u0105zku szkolnego.Szko\u0142a realizuje cele i zadania okre\u015blone w ustawie o systemie o\u015bwiaty umo\u017cliwiaj\u0105c uczniom zdobycie wiedzy i umiej\u0119tno\u015bci niezb\u0119dnych do &hellip; <a href=\"https:\/\/sp2.bipmyszkow.pl\/index.php\/przedmiot-dzialalnosci-i-kompetencje\/\" class=\"more-link\">Continue reading <span class=\"screen-reader-text\">Przedmiot dzia\u0142alno\u015bci i kompetencje<\/span><\/a><\/p>\n","protected":false},"author":1,"featured_media":0,"parent":0,"menu_order":0,"comment_status":"closed","ping_status":"closed","template":"","meta":{"footnotes":""},"class_list":["post-35","page","type-page","status-publish","hentry"],"_links":{"self":[{"href":"https:\/\/sp2.bipmyszkow.pl\/index.php\/wp-json\/wp\/v2\/pages\/35","targetHints":{"allow":["GET"]}}],"collection":[{"href":"https:\/\/sp2.bipmyszkow.pl\/index.php\/wp-json\/wp\/v2\/pages"}],"about":[{"href":"https:\/\/sp2.bipmyszkow.pl\/index.php\/wp-json\/wp\/v2\/types\/page"}],"author":[{"embeddable":true,"href":"https:\/\/sp2.bipmyszkow.pl\/index.php\/wp-json\/wp\/v2\/users\/1"}],"replies":[{"embeddable":true,"href":"https:\/\/sp2.bipmyszkow.pl\/index.php\/wp-json\/wp\/v2\/comments?post=35"}],"version-history":[{"count":3,"href":"https:\/\/sp2.bipmyszkow.pl\/index.php\/wp-json\/wp\/v2\/pages\/35\/revisions"}],"predecessor-version":[{"id":340,"href":"https:\/\/sp2.bipmyszkow.pl\/index.php\/wp-json\/wp\/v2\/pages\/35\/revisions\/340"}],"wp:attachment":[{"href":"https:\/\/sp2.bipmyszkow.pl\/index.php\/wp-json\/wp\/v2\/media?parent=35"}],"curies":[{"name":"wp","href":"https:\/\/api.w.org\/{rel}","templated":true}]}}