{"id":37,"date":"2021-06-11T09:52:27","date_gmt":"2021-06-11T07:52:27","guid":{"rendered":"http:\/\/sp2.bipmyszkow.pl\/?page_id=37"},"modified":"2025-03-12T08:01:36","modified_gmt":"2025-03-12T07:01:36","slug":"struktura-wlasnosciowa-majatek","status":"publish","type":"page","link":"https:\/\/sp2.bipmyszkow.pl\/index.php\/struktura-wlasnosciowa-majatek\/","title":{"rendered":"Struktura w\u0142asno\u015bciowa, maj\u0105tek"},"content":{"rendered":"\n<p>Szko\u0142a Podstawowa nr 2 im. Jana Paw\u0142a II jest jednostk\u0105 organizacyjn\u0105 Miasta Myszk\u00f3w&nbsp; nieposiadaj\u0105c\u0105 osobowo\u015bci prawnej. Mienie Szko\u0142y Podstawowej Nr 2 w Myszkowie stanowi mienie komunalne miasta Myszk\u00f3w na prawach powiatu.<\/p>\n\n\n\n<p><strong>Stan na 31.12.2019 r.<\/strong><\/p>\n\n\n\n<p>AKTYWA TRWA\u0141E: &nbsp;663&nbsp;384,25 z\u0142<\/p>\n\n\n\n<p>POZOSTA\u0141E \u015aRODKI TRWA\u0141E: 209 636,75 z\u0142<\/p>\n\n\n\n<p>SUMA AKTYW\u00d3W: 873&nbsp;021,00 z\u0142<\/p>\n\n\n\n<p><strong>Stan na 31.12.2020 r.<\/strong><\/p>\n\n\n\n<p>AKTYWA TRWA\u0141E: &nbsp;663&nbsp;384,25 z\u0142<\/p>\n\n\n\n<p>POZOSTA\u0141E \u015aRODKI TRWA\u0141E: 310&nbsp;592,68 z\u0142<\/p>\n\n\n\n<p>SUMA AKTYW\u00d3W: 973&nbsp;976,93 z\u0142<\/p>\n\n\n\n<p><strong>Stan na 31.12.2021 r.<\/strong><\/p>\n\n\n\n<p>AKTYWA TRWA\u0141E: &nbsp;706 163,35 z\u0142<\/p>\n\n\n\n<p>POZOSTA\u0141E \u015aRODKI TRWA\u0141E: 392&nbsp;665,66 z\u0142<\/p>\n\n\n\n<p>SUMA AKTYW\u00d3W: 1&nbsp;098&nbsp;829,01 z\u0142<\/p>\n\n\n\n<p><strong>Stan na 31.12.2022 r.<\/strong><\/p>\n\n\n\n<p>AKTYWA TRWA\u0141E: &nbsp;733&nbsp;384,25 z\u0142<\/p>\n\n\n\n<p>POZOSTA\u0141E \u015aRODKI TRWA\u0141E: 409&nbsp;645,66 z\u0142<\/p>\n\n\n\n<p>SUMA AKTYW\u00d3W: 1&nbsp;143&nbsp;029,91 z\u0142<\/p>\n\n\n\n<p><strong>Stan na 31.12.2023 r.<\/strong><\/p>\n\n\n\n<p>AKTYWA TRWA\u0141E: &nbsp;733&nbsp;384,25 z\u0142<\/p>\n\n\n\n<p>POZOSTA\u0141E \u015aRODKI TRWA\u0141E: 530&nbsp;128,92 z\u0142<\/p>\n\n\n\n<p>SUMA AKTYW\u00d3W: 1&nbsp;263&nbsp;513,17 z\u0142<\/p>\n\n\n\n<p><strong>Stan na 31.12.2024 r.<\/strong><\/p>\n\n\n\n<p>AKTYWA TRWA\u0141E: &nbsp;733&nbsp;384,25 z\u0142<\/p>\n\n\n\n<p>POZOSTA\u0141E \u015aRODKI TRWA\u0141E: 570&nbsp;162,83 z\u0142<\/p>\n\n\n\n<p>SUMA AKTYW\u00d3W: 1&nbsp;303&nbsp;547,08 z\u0142<\/p>\n\n\n\n<pre class=\"wp-block-preformatted\"><strong>Metryczka<\/strong>\n\u0179r\u00f3d\u0142o informacji:  \nData utworzenia: 2021-06-11 09:52:27\nWprowadzi\u0142 do systemu:  \nData wprowadzenia: 2021-06-11 09:52:27\nOstatnia zmiana: 2025-03-12 08:01:36\nIlo\u015b\u0107 wy\u015bwietle\u0144: 527 views<\/pre>\n<div class=\"revision-history\"><strong>Rejestr Zmian:<\/strong><ul class='revision-list'><li>12 March 2025 at 07:01 by Magdalena Zaczkowska (<em>obecnie przegl?dasz<\/em>)<\/li><li><a href=\"?revision=341\">12 March 2025 at 07:01<\/a> by Magdalena Zaczkowska<\/li><li><a href=\"?revision=38\">11 June 2021 at 07:52<\/a> by Magdalena Zaczkowska<\/li><\/ul><\/div>","protected":false},"excerpt":{"rendered":"<p>Szko\u0142a Podstawowa nr 2 im. Jana Paw\u0142a II jest jednostk\u0105 organizacyjn\u0105 Miasta Myszk\u00f3w&nbsp; nieposiadaj\u0105c\u0105 osobowo\u015bci prawnej. Mienie Szko\u0142y Podstawowej Nr 2 w Myszkowie stanowi mienie komunalne miasta Myszk\u00f3w na prawach powiatu. Stan na 31.12.2019 r. AKTYWA TRWA\u0141E: &nbsp;663&nbsp;384,25 z\u0142 POZOSTA\u0141E \u015aRODKI TRWA\u0141E: 209 636,75 z\u0142 SUMA AKTYW\u00d3W: 873&nbsp;021,00 z\u0142 Stan na 31.12.2020 r. AKTYWA TRWA\u0141E: &hellip; <a href=\"https:\/\/sp2.bipmyszkow.pl\/index.php\/struktura-wlasnosciowa-majatek\/\" class=\"more-link\">Continue reading <span class=\"screen-reader-text\">Struktura w\u0142asno\u015bciowa, maj\u0105tek<\/span><\/a><\/p>\n","protected":false},"author":1,"featured_media":0,"parent":0,"menu_order":0,"comment_status":"closed","ping_status":"closed","template":"","meta":{"footnotes":""},"class_list":["post-37","page","type-page","status-publish","hentry"],"_links":{"self":[{"href":"https:\/\/sp2.bipmyszkow.pl\/index.php\/wp-json\/wp\/v2\/pages\/37","targetHints":{"allow":["GET"]}}],"collection":[{"href":"https:\/\/sp2.bipmyszkow.pl\/index.php\/wp-json\/wp\/v2\/pages"}],"about":[{"href":"https:\/\/sp2.bipmyszkow.pl\/index.php\/wp-json\/wp\/v2\/types\/page"}],"author":[{"embeddable":true,"href":"https:\/\/sp2.bipmyszkow.pl\/index.php\/wp-json\/wp\/v2\/users\/1"}],"replies":[{"embeddable":true,"href":"https:\/\/sp2.bipmyszkow.pl\/index.php\/wp-json\/wp\/v2\/comments?post=37"}],"version-history":[{"count":2,"href":"https:\/\/sp2.bipmyszkow.pl\/index.php\/wp-json\/wp\/v2\/pages\/37\/revisions"}],"predecessor-version":[{"id":341,"href":"https:\/\/sp2.bipmyszkow.pl\/index.php\/wp-json\/wp\/v2\/pages\/37\/revisions\/341"}],"wp:attachment":[{"href":"https:\/\/sp2.bipmyszkow.pl\/index.php\/wp-json\/wp\/v2\/media?parent=37"}],"curies":[{"name":"wp","href":"https:\/\/api.w.org\/{rel}","templated":true}]}}