{"id":39,"date":"2021-06-11T09:52:46","date_gmt":"2021-06-11T07:52:46","guid":{"rendered":"http:\/\/sp2.bipmyszkow.pl\/?page_id=39"},"modified":"2022-05-12T10:55:47","modified_gmt":"2022-05-12T08:55:47","slug":"budzet","status":"publish","type":"page","link":"https:\/\/sp2.bipmyszkow.pl\/index.php\/budzet\/","title":{"rendered":"Bud\u017cet"},"content":{"rendered":"\n<h2 class=\"wp-block-heading\">Sprawozdanie finansowe za 2021r.<\/h2>\n\n\n\n<div data-wp-interactive=\"core\/file\" class=\"wp-block-file\"><object data-wp-bind--hidden=\"!state.hasPdfPreview\" hidden class=\"wp-block-file__embed\" data=\"https:\/\/sp2.bipmyszkow.pl\/wp-content\/uploads\/2022\/05\/Bilans-2021-SP2.pdf\" type=\"application\/pdf\" style=\"width:100%;height:600px\" aria-label=\"Osadzone z Osadzone z Bilans-2021-SP2..\"><\/object><a id=\"wp-block-file--media-000e2eca-9e28-469a-ada4-5dde27cf1aa7\" href=\"https:\/\/sp2.bipmyszkow.pl\/wp-content\/uploads\/2022\/05\/Bilans-2021-SP2.pdf\">Bilans-2021-SP2<\/a><a href=\"https:\/\/sp2.bipmyszkow.pl\/wp-content\/uploads\/2022\/05\/Bilans-2021-SP2.pdf\" class=\"wp-block-file__button\" download aria-describedby=\"wp-block-file--media-000e2eca-9e28-469a-ada4-5dde27cf1aa7\">Pobierz<\/a><\/div>\n\n\n\n<div data-wp-interactive=\"core\/file\" class=\"wp-block-file\"><object data-wp-bind--hidden=\"!state.hasPdfPreview\" hidden class=\"wp-block-file__embed\" data=\"https:\/\/sp2.bipmyszkow.pl\/wp-content\/uploads\/2022\/05\/Rachunek-zysko\u0301w-i-strat-2021-SP2.pdf\" type=\"application\/pdf\" style=\"width:100%;height:600px\" aria-label=\"Osadzone z Osadzone z Rachunek-zysko\u0301w-i-strat-2021-SP2..\"><\/object><a id=\"wp-block-file--media-65550012-aaa0-40c6-9d34-dc7bdc8124f8\" href=\"https:\/\/sp2.bipmyszkow.pl\/wp-content\/uploads\/2022\/05\/Rachunek-zysko\u0301w-i-strat-2021-SP2.pdf\">Rachunek-zysko\u0301w-i-strat-2021-SP2<\/a><a href=\"https:\/\/sp2.bipmyszkow.pl\/wp-content\/uploads\/2022\/05\/Rachunek-zysko\u0301w-i-strat-2021-SP2.pdf\" class=\"wp-block-file__button\" download aria-describedby=\"wp-block-file--media-65550012-aaa0-40c6-9d34-dc7bdc8124f8\">Pobierz<\/a><\/div>\n\n\n\n<div data-wp-interactive=\"core\/file\" class=\"wp-block-file\"><object data-wp-bind--hidden=\"!state.hasPdfPreview\" hidden class=\"wp-block-file__embed\" data=\"https:\/\/sp2.bipmyszkow.pl\/wp-content\/uploads\/2022\/05\/Zest.-zmian-w-funduszu-jednostki-2021-SP2.pdf\" type=\"application\/pdf\" style=\"width:100%;height:600px\" aria-label=\"Osadzone z Osadzone z Zest.-zmian-w-funduszu-jednostki-2021-SP2..\"><\/object><a id=\"wp-block-file--media-6632bc2a-5fd3-4926-8405-ac429a6818d0\" href=\"https:\/\/sp2.bipmyszkow.pl\/wp-content\/uploads\/2022\/05\/Zest.-zmian-w-funduszu-jednostki-2021-SP2.pdf\">Zest.-zmian-w-funduszu-jednostki-2021-SP2<\/a><a href=\"https:\/\/sp2.bipmyszkow.pl\/wp-content\/uploads\/2022\/05\/Zest.-zmian-w-funduszu-jednostki-2021-SP2.pdf\" class=\"wp-block-file__button\" download aria-describedby=\"wp-block-file--media-6632bc2a-5fd3-4926-8405-ac429a6818d0\">Pobierz<\/a><\/div>\n\n\n\n<div data-wp-interactive=\"core\/file\" class=\"wp-block-file\"><object data-wp-bind--hidden=\"!state.hasPdfPreview\" hidden class=\"wp-block-file__embed\" data=\"https:\/\/sp2.bipmyszkow.pl\/wp-content\/uploads\/2022\/05\/SP-N-2-Informacja-dodatkowa-2021-r.-pdf-skonwertowany.pdf\" type=\"application\/pdf\" style=\"width:100%;height:600px\" aria-label=\"Osadzone z Osadzone z SP-N-2-Informacja-dodatkowa-2021-r.-pdf-skonwertowany..\"><\/object><a id=\"wp-block-file--media-194faa40-4440-473a-898c-95510a749528\" href=\"https:\/\/sp2.bipmyszkow.pl\/wp-content\/uploads\/2022\/05\/SP-N-2-Informacja-dodatkowa-2021-r.-pdf-skonwertowany.pdf\">SP-N-2-Informacja-dodatkowa-2021-r.-pdf-skonwertowany<\/a><a href=\"https:\/\/sp2.bipmyszkow.pl\/wp-content\/uploads\/2022\/05\/SP-N-2-Informacja-dodatkowa-2021-r.-pdf-skonwertowany.pdf\" class=\"wp-block-file__button\" download aria-describedby=\"wp-block-file--media-194faa40-4440-473a-898c-95510a749528\">Pobierz<\/a><\/div>\n\n\n\n<pre class=\"wp-block-preformatted\"><strong>Metryczka<\/strong>\n\u0179r\u00f3d\u0142o informacji:  \nData utworzenia: 2021-06-11 09:52:46\nWprowadzi\u0142 do systemu:  \nData wprowadzenia: 2021-06-11 09:52:46\nOstatnia zmiana: 2022-05-12 10:55:47\nIlo\u015b\u0107 wy\u015bwietle\u0144: 723 views<\/pre>\n<div class=\"revision-history\"><strong>Rejestr Zmian:<\/strong><ul class='revision-list'><li>12 May 2022 at 08:55 by Magdalena Zaczkowska (<em>obecnie przegl?dasz<\/em>)<\/li><li><a href=\"?revision=123\">12 May 2022 at 08:55<\/a> by Magdalena Zaczkowska<\/li><li><a href=\"?revision=40\">11 June 2021 at 07:52<\/a> by Magdalena Zaczkowska<\/li><\/ul><\/div>","protected":false},"excerpt":{"rendered":"<p>Sprawozdanie finansowe za 2021r. Metryczka \u0179r\u00f3d\u0142o informacji: Data utworzenia: Wprowadzi\u0142 do systemu: Data wprowadzenia: Ostatnia zmiana: Ilo\u015b\u0107 wy\u015bwietle\u0144: Rejestr Zmian: 12 May 2022 at 08:55 by Magdalena Zaczkowska (obecnie przegl?dasz) 12 May 2022 at 08:55 by Magdalena Zaczkowska 11 June 2021 at 07:52 by Magdalena Zaczkowska<\/p>\n","protected":false},"author":1,"featured_media":0,"parent":0,"menu_order":0,"comment_status":"closed","ping_status":"closed","template":"","meta":{"footnotes":""},"class_list":["post-39","page","type-page","status-publish","hentry"],"_links":{"self":[{"href":"https:\/\/sp2.bipmyszkow.pl\/index.php\/wp-json\/wp\/v2\/pages\/39","targetHints":{"allow":["GET"]}}],"collection":[{"href":"https:\/\/sp2.bipmyszkow.pl\/index.php\/wp-json\/wp\/v2\/pages"}],"about":[{"href":"https:\/\/sp2.bipmyszkow.pl\/index.php\/wp-json\/wp\/v2\/types\/page"}],"author":[{"embeddable":true,"href":"https:\/\/sp2.bipmyszkow.pl\/index.php\/wp-json\/wp\/v2\/users\/1"}],"replies":[{"embeddable":true,"href":"https:\/\/sp2.bipmyszkow.pl\/index.php\/wp-json\/wp\/v2\/comments?post=39"}],"version-history":[{"count":3,"href":"https:\/\/sp2.bipmyszkow.pl\/index.php\/wp-json\/wp\/v2\/pages\/39\/revisions"}],"predecessor-version":[{"id":123,"href":"https:\/\/sp2.bipmyszkow.pl\/index.php\/wp-json\/wp\/v2\/pages\/39\/revisions\/123"}],"wp:attachment":[{"href":"https:\/\/sp2.bipmyszkow.pl\/index.php\/wp-json\/wp\/v2\/media?parent=39"}],"curies":[{"name":"wp","href":"https:\/\/api.w.org\/{rel}","templated":true}]}}