{"id":41,"date":"2021-06-11T09:53:11","date_gmt":"2021-06-11T07:53:11","guid":{"rendered":"http:\/\/sp2.bipmyszkow.pl\/?page_id=41"},"modified":"2025-03-12T07:58:36","modified_gmt":"2025-03-12T06:58:36","slug":"statut","status":"publish","type":"page","link":"https:\/\/sp2.bipmyszkow.pl\/index.php\/statut\/","title":{"rendered":"Statut"},"content":{"rendered":"\n<div data-wp-interactive=\"core\/file\" class=\"wp-block-file\"><object data-wp-bind--hidden=\"!state.hasPdfPreview\" hidden class=\"wp-block-file__embed\" data=\"https:\/\/sp2.bipmyszkow.pl\/wp-content\/uploads\/2025\/03\/Statut.pdf\" type=\"application\/pdf\" style=\"width:100%;height:600px\" aria-label=\"Osadzone z Statut.\"><\/object><a id=\"wp-block-file--media-09a78618-047e-4e79-a41e-ef58f3819123\" href=\"https:\/\/sp2.bipmyszkow.pl\/wp-content\/uploads\/2025\/03\/Statut.pdf\">Statut<\/a><a href=\"https:\/\/sp2.bipmyszkow.pl\/wp-content\/uploads\/2025\/03\/Statut.pdf\" class=\"wp-block-file__button wp-element-button\" download aria-describedby=\"wp-block-file--media-09a78618-047e-4e79-a41e-ef58f3819123\">Pobierz<\/a><\/div>\n\n\n\n<div class=\"wp-block-file\"><a id=\"wp-block-file--media-e5caf660-919e-451e-9ae7-1a32c3f1ba06\" href=\"https:\/\/sp2.bipmyszkow.pl\/wp-content\/uploads\/2025\/03\/Status-szkoly.docx\">Status szko\u0142y<\/a><a href=\"https:\/\/sp2.bipmyszkow.pl\/wp-content\/uploads\/2025\/03\/Status-szkoly.docx\" class=\"wp-block-file__button wp-element-button\" download aria-describedby=\"wp-block-file--media-e5caf660-919e-451e-9ae7-1a32c3f1ba06\">Pobierz<\/a><\/div>\n\n\n\n<pre class=\"wp-block-preformatted\"><strong>Metryczka<\/strong>\n\u0179r\u00f3d\u0142o informacji:  \nData utworzenia: 2021-06-11 09:53:11\nWprowadzi\u0142 do systemu:  \nData wprowadzenia: 2021-06-11 09:53:11\nOstatnia zmiana: 2025-03-12 07:58:36\nIlo\u015b\u0107 wy\u015bwietle\u0144: 671 views<\/pre>\n<div class=\"revision-history\"><strong>Rejestr Zmian:<\/strong><ul class='revision-list'><li>12 March 2025 at 06:58 by Magdalena Zaczkowska (<em>obecnie przegl?dasz<\/em>)<\/li><li><a href=\"?revision=337\">12 March 2025 at 06:58<\/a> by Magdalena Zaczkowska<\/li><li><a href=\"?revision=71\">29 June 2021 at 06:36<\/a> by Magdalena Zaczkowska<\/li><li><a href=\"?revision=42\">11 June 2021 at 07:53<\/a> by Magdalena Zaczkowska<\/li><\/ul><\/div>","protected":false},"excerpt":{"rendered":"<p>Metryczka \u0179r\u00f3d\u0142o informacji: Data utworzenia: Wprowadzi\u0142 do systemu: Data wprowadzenia: Ostatnia zmiana: Ilo\u015b\u0107 wy\u015bwietle\u0144: Rejestr Zmian: 12 March 2025 at 06:58 by Magdalena Zaczkowska (obecnie przegl?dasz) 12 March 2025 at 06:58 by Magdalena Zaczkowska 29 June 2021 at 06:36 by Magdalena Zaczkowska 11 June 2021 at 07:53 by Magdalena Zaczkowska<\/p>\n","protected":false},"author":1,"featured_media":0,"parent":0,"menu_order":0,"comment_status":"closed","ping_status":"closed","template":"","meta":{"footnotes":""},"class_list":["post-41","page","type-page","status-publish","hentry"],"_links":{"self":[{"href":"https:\/\/sp2.bipmyszkow.pl\/index.php\/wp-json\/wp\/v2\/pages\/41","targetHints":{"allow":["GET"]}}],"collection":[{"href":"https:\/\/sp2.bipmyszkow.pl\/index.php\/wp-json\/wp\/v2\/pages"}],"about":[{"href":"https:\/\/sp2.bipmyszkow.pl\/index.php\/wp-json\/wp\/v2\/types\/page"}],"author":[{"embeddable":true,"href":"https:\/\/sp2.bipmyszkow.pl\/index.php\/wp-json\/wp\/v2\/users\/1"}],"replies":[{"embeddable":true,"href":"https:\/\/sp2.bipmyszkow.pl\/index.php\/wp-json\/wp\/v2\/comments?post=41"}],"version-history":[{"count":4,"href":"https:\/\/sp2.bipmyszkow.pl\/index.php\/wp-json\/wp\/v2\/pages\/41\/revisions"}],"predecessor-version":[{"id":337,"href":"https:\/\/sp2.bipmyszkow.pl\/index.php\/wp-json\/wp\/v2\/pages\/41\/revisions\/337"}],"wp:attachment":[{"href":"https:\/\/sp2.bipmyszkow.pl\/index.php\/wp-json\/wp\/v2\/media?parent=41"}],"curies":[{"name":"wp","href":"https:\/\/api.w.org\/{rel}","templated":true}]}}