{"id":51,"date":"2021-06-11T09:56:05","date_gmt":"2021-06-11T07:56:05","guid":{"rendered":"http:\/\/sp2.bipmyszkow.pl\/?page_id=51"},"modified":"2021-06-11T09:56:05","modified_gmt":"2021-06-11T07:56:05","slug":"informacje-nieudostepnione","status":"publish","type":"page","link":"https:\/\/sp2.bipmyszkow.pl\/index.php\/informacje-nieudostepnione\/","title":{"rendered":"Informacje nieudost\u0119pnione"},"content":{"rendered":"\n<p>Na podstawie art.10 ust.1 ustawy z 6 wrze\u015bnia 2001 r. o dost\u0119pie do informacji publicznej (Dz. U. z 2015, poz. 2058 z p\u00f3\u017an. zm.):<\/p>\n\n\n\n<p>Informacja publiczna, kt\u00f3ra nie zosta\u0142a udost\u0119pniona w Biuletynie Informacji Publicznej lub centralnym repozytorium, jest udost\u0119pniana na wniosek.<\/p>\n\n\n\n<pre class=\"wp-block-preformatted\"><strong>Metryczka<\/strong>\n\u0179r\u00f3d\u0142o informacji:  \nData utworzenia: 2021-06-11 09:56:05\nWprowadzi\u0142 do systemu:  \nData wprowadzenia: 2021-06-11 09:56:05\nOstatnia zmiana: 2021-06-11 09:56:05\nIlo\u015b\u0107 wy\u015bwietle\u0144: 580 views<\/pre>\n<div class=\"revision-history\"><strong>Rejestr Zmian:<\/strong><ul class='revision-list'><li>11 June 2021 at 07:56 by Magdalena Zaczkowska (<em>obecnie przegl?dasz<\/em>)<\/li><li><a href=\"?revision=52\">11 June 2021 at 07:56<\/a> by Magdalena Zaczkowska<\/li><\/ul><\/div>","protected":false},"excerpt":{"rendered":"<p>Na podstawie art.10 ust.1 ustawy z 6 wrze\u015bnia 2001 r. o dost\u0119pie do informacji publicznej (Dz. U. z 2015, poz. 2058 z p\u00f3\u017an. zm.): Informacja publiczna, kt\u00f3ra nie zosta\u0142a udost\u0119pniona w Biuletynie Informacji Publicznej lub centralnym repozytorium, jest udost\u0119pniana na wniosek. Metryczka \u0179r\u00f3d\u0142o informacji: Data utworzenia: Wprowadzi\u0142 do systemu: Data wprowadzenia: Ostatnia zmiana: Ilo\u015b\u0107 wy\u015bwietle\u0144: &hellip; <a href=\"https:\/\/sp2.bipmyszkow.pl\/index.php\/informacje-nieudostepnione\/\" class=\"more-link\">Continue reading <span class=\"screen-reader-text\">Informacje nieudost\u0119pnione<\/span><\/a><\/p>\n","protected":false},"author":1,"featured_media":0,"parent":0,"menu_order":0,"comment_status":"closed","ping_status":"closed","template":"","meta":{"footnotes":""},"class_list":["post-51","page","type-page","status-publish","hentry"],"_links":{"self":[{"href":"https:\/\/sp2.bipmyszkow.pl\/index.php\/wp-json\/wp\/v2\/pages\/51","targetHints":{"allow":["GET"]}}],"collection":[{"href":"https:\/\/sp2.bipmyszkow.pl\/index.php\/wp-json\/wp\/v2\/pages"}],"about":[{"href":"https:\/\/sp2.bipmyszkow.pl\/index.php\/wp-json\/wp\/v2\/types\/page"}],"author":[{"embeddable":true,"href":"https:\/\/sp2.bipmyszkow.pl\/index.php\/wp-json\/wp\/v2\/users\/1"}],"replies":[{"embeddable":true,"href":"https:\/\/sp2.bipmyszkow.pl\/index.php\/wp-json\/wp\/v2\/comments?post=51"}],"version-history":[{"count":1,"href":"https:\/\/sp2.bipmyszkow.pl\/index.php\/wp-json\/wp\/v2\/pages\/51\/revisions"}],"predecessor-version":[{"id":52,"href":"https:\/\/sp2.bipmyszkow.pl\/index.php\/wp-json\/wp\/v2\/pages\/51\/revisions\/52"}],"wp:attachment":[{"href":"https:\/\/sp2.bipmyszkow.pl\/index.php\/wp-json\/wp\/v2\/media?parent=51"}],"curies":[{"name":"wp","href":"https:\/\/api.w.org\/{rel}","templated":true}]}}